{"id":8,"date":"2024-08-09T14:47:37","date_gmt":"2024-08-09T12:47:37","guid":{"rendered":"https:\/\/a-letter-to-germany.info\/?page_id=8"},"modified":"2024-08-18T21:39:41","modified_gmt":"2024-08-18T19:39:41","slug":"impressum","status":"publish","type":"page","link":"https:\/\/a-letter-to-germany.info\/index.php\/impressum\/","title":{"rendered":"Impressum"},"content":{"rendered":"\n<p>Momentnoch bin Speichern<br>c\/o easy-shop<br>Kathrin Mothes<br>Schlo\u00dfstra\u00dfe 20<br>06869 Coswig (Anhalt)<\/p>\n\n\n\n<p>Kathrin Mothes ist nicht f\u00fcr den Inhalt der Webseite verantwortlich.<\/p>\n\n\n\n<p><\/p>\n\n\n\n<details class=\"wp-block-details is-layout-flow wp-block-details-is-layout-flow\"><summary>E-Mail<\/summary>\n<figure class=\"wp-block-image size-full\"><img loading=\"lazy\" decoding=\"async\" width=\"599\" height=\"379\" src=\"https:\/\/a-letter-to-germany.info\/wp-content\/uploads\/2024\/08\/e-mail-2.png\" alt=\"\" class=\"wp-image-50\" srcset=\"https:\/\/a-letter-to-germany.info\/wp-content\/uploads\/2024\/08\/e-mail-2.png 599w, https:\/\/a-letter-to-germany.info\/wp-content\/uploads\/2024\/08\/e-mail-2-300x190.png 300w\" sizes=\"auto, (max-width: 599px) 100vw, 599px\" \/><\/figure>\n\n\n\n<p>Das ist ein Schutz gegen Crawler und Spam. Sie kriegen das schon hin, wenn Sie mir schreiben wollen. Mir ist bewusst, dass ich ein wenig paranoid bin.<\/p>\n<\/details>\n\n\n\n<p><\/p>\n","protected":false},"excerpt":{"rendered":"<p>Momentnoch bin Speichernc\/o easy-shopKathrin MothesSchlo\u00dfstra\u00dfe 2006869 Coswig (Anhalt) Kathrin Mothes ist nicht f\u00fcr den Inhalt der Webseite verantwortlich.<\/p>\n","protected":false},"author":1,"featured_media":0,"parent":0,"menu_order":0,"comment_status":"closed","ping_status":"closed","template":"","meta":{"footnotes":""},"class_list":["post-8","page","type-page","status-publish","hentry"],"_links":{"self":[{"href":"https:\/\/a-letter-to-germany.info\/index.php\/wp-json\/wp\/v2\/pages\/8","targetHints":{"allow":["GET"]}}],"collection":[{"href":"https:\/\/a-letter-to-germany.info\/index.php\/wp-json\/wp\/v2\/pages"}],"about":[{"href":"https:\/\/a-letter-to-germany.info\/index.php\/wp-json\/wp\/v2\/types\/page"}],"author":[{"embeddable":true,"href":"https:\/\/a-letter-to-germany.info\/index.php\/wp-json\/wp\/v2\/users\/1"}],"replies":[{"embeddable":true,"href":"https:\/\/a-letter-to-germany.info\/index.php\/wp-json\/wp\/v2\/comments?post=8"}],"version-history":[{"count":6,"href":"https:\/\/a-letter-to-germany.info\/index.php\/wp-json\/wp\/v2\/pages\/8\/revisions"}],"predecessor-version":[{"id":51,"href":"https:\/\/a-letter-to-germany.info\/index.php\/wp-json\/wp\/v2\/pages\/8\/revisions\/51"}],"wp:attachment":[{"href":"https:\/\/a-letter-to-germany.info\/index.php\/wp-json\/wp\/v2\/media?parent=8"}],"curies":[{"name":"wp","href":"https:\/\/api.w.org\/{rel}","templated":true}]}}