{"id":22,"date":"2024-08-18T21:34:37","date_gmt":"2024-08-18T19:34:37","guid":{"rendered":"https:\/\/a-letter-to-germany.info\/?page_id=22"},"modified":"2024-08-18T21:34:37","modified_gmt":"2024-08-18T19:34:37","slug":"the-gatekeepers","status":"publish","type":"page","link":"https:\/\/a-letter-to-germany.info\/index.php\/the-gatekeepers\/","title":{"rendered":"The Gatekeepers"},"content":{"rendered":"\n<p>Wenn Sie die aktuelle Medienberichterstattung \u00fcber den Nahen Osten besser verstehen m\u00f6chten, kann ich die Dokumentation <strong>The Gatekeepers<\/strong> &#8211; zu Deutsch <strong>T\u00f6te zuerst!<\/strong> &#8211; von Dror Moreh sehr empfehlen. Dort bekommen Sie in etwa 100 Minuten einen schnellen und trotzdem tiefgehenden \u00dcberblick \u00fcber die israelische Sicherheitsgeschichte. Zu Wort kommen sechs ehemalige Leiter des israelischen Inlandsgeheimdienstes Schin Bet. Aber obwohl die Dokumentation die israelische Sicht darstellt, k\u00f6nnen Sie die Perspektive der Pal\u00e4stinenser sehr gut verstehen.<\/p>\n\n\n\n<p>Den Eintrag in der Online Filmdatenbank finden Sie hier:<\/p>\n\n\n\n<p><a href=\"https:\/\/www.ofdb.de\/film\/235027,T%C3%B6te-zuerst-Der-israelische-Geheimdienst-Schin-Bet\/\">https:\/\/www.ofdb.de\/film\/235027,T%C3%B6te-zuerst-Der-israelische-Geheimdienst-Schin-Bet\/<\/a><\/p>\n\n\n\n<p>Derzeit ist die Dokumentation auch auf Youtube verf\u00fcgbar:<\/p>\n\n\n\n<p><a href=\"https:\/\/www.youtube.com\/watch?v=QKDqVuOGdOo\">https:\/\/www.youtube.com\/watch?v=QKDqVuOGdOo<\/a><\/p>\n\n\n\n<p>Die internationale Version wurde bereits von Youtube entfernt und die DVDs waren vor einiger Zeit schwer zu bekommen. Bei Interesse sollten Sie sich also beeilen.<\/p>\n\n\n\n<p><\/p>\n","protected":false},"excerpt":{"rendered":"<p>Wenn Sie die aktuelle Medienberichterstattung \u00fcber den Nahen Osten besser verstehen m\u00f6chten, kann ich die Dokumentation The Gatekeepers &#8211; zu Deutsch T\u00f6te zuerst! &#8211; von Dror Moreh sehr empfehlen. Dort bekommen Sie in etwa 100 Minuten einen schnellen und trotzdem tiefgehenden \u00dcberblick \u00fcber die israelische Sicherheitsgeschichte. Zu Wort kommen sechs ehemalige Leiter des israelischen Inlandsgeheimdienstes [&hellip;]<\/p>\n","protected":false},"author":1,"featured_media":0,"parent":0,"menu_order":0,"comment_status":"closed","ping_status":"closed","template":"","meta":{"footnotes":""},"class_list":["post-22","page","type-page","status-publish","hentry"],"_links":{"self":[{"href":"https:\/\/a-letter-to-germany.info\/index.php\/wp-json\/wp\/v2\/pages\/22","targetHints":{"allow":["GET"]}}],"collection":[{"href":"https:\/\/a-letter-to-germany.info\/index.php\/wp-json\/wp\/v2\/pages"}],"about":[{"href":"https:\/\/a-letter-to-germany.info\/index.php\/wp-json\/wp\/v2\/types\/page"}],"author":[{"embeddable":true,"href":"https:\/\/a-letter-to-germany.info\/index.php\/wp-json\/wp\/v2\/users\/1"}],"replies":[{"embeddable":true,"href":"https:\/\/a-letter-to-germany.info\/index.php\/wp-json\/wp\/v2\/comments?post=22"}],"version-history":[{"count":2,"href":"https:\/\/a-letter-to-germany.info\/index.php\/wp-json\/wp\/v2\/pages\/22\/revisions"}],"predecessor-version":[{"id":28,"href":"https:\/\/a-letter-to-germany.info\/index.php\/wp-json\/wp\/v2\/pages\/22\/revisions\/28"}],"wp:attachment":[{"href":"https:\/\/a-letter-to-germany.info\/index.php\/wp-json\/wp\/v2\/media?parent=22"}],"curies":[{"name":"wp","href":"https:\/\/api.w.org\/{rel}","templated":true}]}}